{"id":16,"date":"2023-05-10T08:25:06","date_gmt":"2023-05-10T08:25:06","guid":{"rendered":"https:\/\/esporras.es\/?page_id=16"},"modified":"2026-03-13T13:32:04","modified_gmt":"2026-03-13T13:32:04","slug":"contacto","status":"publish","type":"page","link":"https:\/\/esporras.es\/en\/contact\/","title":{"rendered":"Contact"},"content":{"rendered":"<p>[et_pb_section fb_built=\"1\u2033 _builder_version=\"4.20.2\u2033 _module_preset=\"default\" use_background_color_gradient=\"on\" background_color_gradient_stops=\"rgba(255,175,89,0.44) 0%|rgba(0,0,0,0,0.72) 100%\" background_color_gradient_overlays_image=\"on\" background_image=\"https:\/\/esporras.es\/wp-content\/uploads\/2023\/07\/mujer-pastor-alimentando-ovejas-vista-lateral-Grande.jpg\" custom_margin=\"-86px||||false|false\" custom_padding=\"140px||||false|false\" locked=\"off\" global_colors_info=\"{}\"][et_pb_row _builder_version=\"4.20.2\u2033 _module_preset=\"default\" background_color=\"#FFFFFFFF\" width_tablet=\"\" width_phone=\"90%\" width_last_edited=\"on|phone\" max_width=\"1200px\" custom_padding=\"25px||25px|||true|false\" global_colors_info=\"{}\"][et_pbb_column type=\"4_4\u2033 _builder_version=\"4.20.2\u2033 _module_preset=\"default\" global_colors_info=\"{}\"][et_pb_text _builder_version=\"4.20.2\u2033 _module_preset=\"default\" text_font=\"Nunito Sans|700|||||||\" text_text_color=\"#000000\u2033 text_font_size=\"21px\" header_font=\"Nunito Sans|700|||||||\" header_text_align=\"left\" header_text_color=\"#000000\u2033 header_font_size=\"29px\" header_line_height=\"1.3em\" header_2_font=\"Nunito Sans|700|||||||\" header_2_text_align=\"center\" header_2_font_size=\"29px\" custom_padding=\"|25px||25px|false|true\" locked=\"off\" global_colors_info=\"{}\"]]<\/p>\n<p>Contact<\/p>\n<p>[\/et_pb_text][\/et_pb_column][\/et_pb_row][et_pb_row _builder_version=\"4.20.2\u2033 _module_preset=\"default\" background_color=\"rgba(0,0,0,0,0.24)\" width_tablet=\"\" width_phone=\"90%\" width_last_edited=\"on|phone\" max_width=\"1200px\" custom_padding=\"|25px||25px|false|true\" global_colors_info=\"{}\"][et_pb_column type=\"4_4\u2033 _builder_version=\"4.20.2\u2033 _module_preset=\"default\" global_colors_info=\"{}\"][et_pb_text _builder_version=\"4.20.2\u2033 _module_preset=\"default\" text_font=\"Poppins||||||||\" text_font_size=\"21px\" header_font=\"Nunito Sans|700|||||||\" header_text_align=\"left\" header_text_color=\"#FFFFFFFFFF\" header_font_size=\"29px\" header_line_height=\"1.3em\" header_2_font=\"Nunito Sans|700|||||||\" header_2_text_align=\"center\" header_2_font_size=\"29px\" locked=\"off\" global_colors_info=\"{}\"]<\/p>\n<h1><span>Meet ES PORRAS S.L.<\/span><\/h1>\n<h1><span>Experience and Commitment in the Agri-Food Sector<\/span><\/h1>\n<p>[\/et_pb_text][et_pb_text _builder_version=\"4.20.2\u2033 _module_preset=\"default\" text_font=\"Nunito Sans||||||||\" text_text_color=\"#FFFFFFFFFF\" text_font_size=\"20px\" text_line_height=\"1.8em\" background_enable_color=\"off\" locked=\"off\" global_colors_info=\"{}\"]<\/p>\n<p><span>Thank you for your interest in ES PORRAS S.L.! If you would like to obtain more information, place orders or have any questions related to our lamb fattening services or purchase and sale of cereal, please do not hesitate to contact us. We are here to help you in everything you need.<\/span><\/p>\n<p>[\/et_pb_text][\/et_pb_column][\/et_pb_row][et_pb_row column_structure=\u00bb1_2,1_2&#8243; make_equal=\u00bbon\u00bb _builder_version=\u00bb4.20.2&#8243; _module_preset=\u00bbdefault\u00bb background_color=\u00bbrgba(0,0,0,0.24)\u00bb width_tablet=\u00bb\u00bb width_phone=\u00bb90%\u00bb width_last_edited=\u00bbon|phone\u00bb max_width=\u00bb1200px\u00bb custom_padding=\u00bb|25px||25px|false|true\u00bb global_colors_info=\u00bb{}\u00bb][et_pb_column type=\u00bb1_2&#8243; _builder_version=\u00bb4.20.2&#8243; _module_preset=\u00bbdefault\u00bb background_color=\u00bb#FFFFFF\u00bb custom_padding=\u00bb40px|40px|40px|40px|true|true\u00bb global_colors_info=\u00bb{}\u00bb][et_pb_text _builder_version=\u00bb4.20.2&#8243; _module_preset=\u00bbdefault\u00bb text_font=\u00bbLato|700|||||||\u00bb text_text_color=\u00bb#004b92&#8243; text_font_size=\u00bb18px\u00bb text_line_height=\u00bb1.8em\u00bb custom_margin=\u00bb||19px|||\u00bb global_colors_info=\u00bb{}\u00bb]<\/p>\n<p><span>We are available to answer your questions, provide you with personalized advice and promptly fulfill your orders.<\/span><\/p>\n<p><span>You can contact us through any of the following means:<\/span><\/p>\n<p>[\/et_pb_text][et_pb_blurb title=\"Phone\" use_icon=\"on\" font_icon=\"\uf879||fa|||900\u2033 icon_color=\"#FFFFFFFFFF\" image_icon_background_color=\"#ffaf59\u2033 icon_placement=\"left\" image_icon_width=\"20px\" _builder_version=\"4.20.2\u2033 _module_preset=\"default\" header_font=\"|700|||||||\" header_text_color=\"#004b92\u2033 header_font_size=\"14px\" body_font=\"|600|||||||\" body_text_color=\"#000000\u2033 body_line_height=\"1em\" image_icon_custom_padding=\"10px|10px|10px|10px|10px|10px|true|true|true\" border_radii_image=\"on|60px|60px|60px|60px|60px|60px\" border_color_all_image=\"#000000\u2033 locked=\"off\" global_colors_info=\"{}\"]]<\/p>\n<p><span style=\"color: #000000;\"><a href=\"tel:606291763\" style=\"color: #000000;\">606291763<\/a><a href=\"tel:652864883\" style=\"color: #000000;\"><\/a><\/span><\/p>\n<p>[\/et_pb_blurb][et_pb_blurb title=\"Email\" use_icon=\"on\" font_icon=\"\ue076||divi|||400\u2033 icon_color=\"#FFFFFFFFFF\" image_icon_background_color=\"#ffaf59\u2033 icon_placement=\"left\" image_icon_width=\"20px\" _builder_version=\"4.20.2\u2033 _module_preset=\"default\" header_font=\"|700|||||||\" header_text_color=\"#004b92\u2033 header_font_size=\"14px\" body_font=\"|600|||||||\" body_text_color=\"#000000\u2033 body_line_height=\"1em\" image_icon_custom_padding=\"10px|10px|10px|10px|10px|10px|true|true|true\" border_radii_image=\"on|60px|60px|60px|60px|60px|60px\" border_color_all_image=\"#000000\u2033 locked=\"off\" global_colors_info=\"{}\"]]<\/p>\n<p><span style=\"color: #000000;\"><a href=\"mailto:oficina@esporras.es\" style=\"color: #000000;\">oficina@esporras.es<\/a><\/span><\/p>\n<p>[\/et_pb_blurb][et_pb_blurb title=\u00bbDirecci\u00f3n\u00bb use_icon=\u00bbon\u00bb font_icon=\u00bb&#xe076;||divi||400&#8243; icon_color=\u00bb#FFFFFF\u00bb image_icon_background_color=\u00bb#ffaf59&#8243; icon_placement=\u00bbleft\u00bb image_icon_width=\u00bb20px\u00bb _builder_version=\u00bb4.20.2&#8243; _module_preset=\u00bbdefault\u00bb header_font=\u00bb|700|||||||\u00bb header_text_color=\u00bb#004b92&#8243; header_font_size=\u00bb14px\u00bb body_font=\u00bb|600|||||||\u00bb body_text_color=\u00bb#000000&#8243; body_line_height=\u00bb1.5em\u00bb image_icon_custom_padding=\u00bb10px|10px|10px|10px|true|true\u00bb hover_enabled=\u00bb0&#8243; border_radii_image=\u00bbon|60px|60px|60px|60px\u00bb border_color_all_image=\u00bb#000000&#8243; locked=\u00bboff\u00bb global_colors_info=\u00bb{}\u00bb sticky_enabled=\u00bb0&#8243;]<\/p>\n<p><span>Street Cuenca 1, 16421, Hontanaya, Cuenca<\/span><\/p>\n<p>[\/et_pb_blurb][et_pb_blurb title=\u00bbExplotaci\u00f3n y naves\u00bb use_icon=\u00bbon\u00bb font_icon=\u00bb&#xe076;||divi||400&#8243; icon_color=\u00bb#FFFFFF\u00bb image_icon_background_color=\u00bb#ffaf59&#8243; icon_placement=\u00bbleft\u00bb image_icon_width=\u00bb20px\u00bb _builder_version=\u00bb4.20.2&#8243; _module_preset=\u00bbdefault\u00bb header_font=\u00bb|700|||||||\u00bb header_text_color=\u00bb#004b92&#8243; header_font_size=\u00bb14px\u00bb body_font=\u00bb|600|||||||\u00bb body_text_color=\u00bb#000000&#8243; body_line_height=\u00bb1.5em\u00bb image_icon_custom_padding=\u00bb10px|10px|10px|10px|true|true\u00bb hover_enabled=\u00bb0&#8243; border_radii_image=\u00bbon|60px|60px|60px|60px\u00bb border_color_all_image=\u00bb#000000&#8243; locked=\u00bboff\u00bb global_colors_info=\u00bb{}\u00bb sticky_enabled=\u00bb0&#8243;]<\/p>\n<p><span>Calle Villamayor s\/n, 16421, Hontanaya, Cuenca<\/span><\/p>\n<p>[\/et_pb_blurb][\/et_pb_column][et_pb_column type=\"1_2\u2033 _builder_version=\"4.20.2\u2033 _module_preset=\"default\" background_color=\"#FFFFFFFFFF\" custom_padding=\"40px|40px|40px|40px|40px|true|true\" global_colors_info=\"{}\"][et_pb_text _builder_version=\"4.20.2\u2033 _module_preset=\"default\" text_font=\"Lato|700|||||||\" text_text_color=\"#004b92\u2033 text_font_size=\"18px\" text_line_height=\"1.8em\" custom_margin=\"|||19px|||\" global_colors_info=\"{}\"]]<\/p>\n<p><span>If you prefer, you can also use our contact form. Simply fill in the required fields and send us your message.<\/span><\/p>\n<p><strong><\/strong><\/p>\n<p>[\/et_pb_text][et_pb_contact_form use_spam_service=\u00bbon\u00bb recaptcha_list=\u00bbESPORRAS|ESPORRAS-0&#8243; email=\u00bboficina@esporras.es\u00bb custom_message=\u00bbFormulario de contacto de esporras.es||et_pb_line_break_holder||&#8212;&#8212;&#8212;&#8212;&#8212;&#8212;&#8212;&#8212;&#8212;&#8212;&#8212;&#8212;&#8212;&#8212;&#8212;&#8212;&#8212;&#8212;&#8212;&#8212;&#8211;||et_pb_line_break_holder||Nombre: %%Nombre%%||et_pb_line_break_holder||Email: %%Email%%||et_pb_line_break_holder||Telefono: %%Telefono%%||et_pb_line_break_holder||Mensaje: %%Mensaje%%\u00bb success_message=\u00bbGracias por tu consulta, la tenderemos lo antes posible\u00bb _builder_version=\u00bb4.20.2&#8243; _module_preset=\u00bbdefault\u00bb _unique_id=\u00bb289ff7cc-619d-4f3e-8f2a-2e9e87bfbe06&#8243; custom_button=\u00bbon\u00bb button_text_size=\u00bb14px\u00bb button_border_width=\u00bb1px\u00bb button_border_color=\u00bb#D6D6D6&#8243; button_font=\u00bb|700||on|||||\u00bb global_colors_info=\u00bb{}\u00bb][et_pb_contact_field field_id=\u00bbNombre\u00bb field_title=\u00bbNombre\u00bb _builder_version=\u00bb4.20.2&#8243; form_field_background_color=\u00bb#f9efe5&#8243; form_field_text_color=\u00bb#000000&#8243; form_field_focus_background_color=\u00bb#f9d9b6&#8243; form_field_focus_text_color=\u00bb#000000&#8243; form_field_font=\u00bbNunito Sans|600|||||||\u00bb background_enable_color=\u00bboff\u00bb global_colors_info=\u00bb{}\u00bb button_text_size__hover_enabled=\u00bboff\u00bb button_one_text_size__hover_enabled=\u00bboff\u00bb button_two_text_size__hover_enabled=\u00bboff\u00bb button_text_color__hover_enabled=\u00bboff\u00bb button_one_text_color__hover_enabled=\u00bboff\u00bb button_two_text_color__hover_enabled=\u00bboff\u00bb button_border_width__hover_enabled=\u00bboff\u00bb button_one_border_width__hover_enabled=\u00bboff\u00bb button_two_border_width__hover_enabled=\u00bboff\u00bb button_border_color__hover_enabled=\u00bboff\u00bb button_one_border_color__hover_enabled=\u00bboff\u00bb button_two_border_color__hover_enabled=\u00bboff\u00bb button_border_radius__hover_enabled=\u00bboff\u00bb button_one_border_radius__hover_enabled=\u00bboff\u00bb button_two_border_radius__hover_enabled=\u00bboff\u00bb button_letter_spacing__hover_enabled=\u00bboff\u00bb button_one_letter_spacing__hover_enabled=\u00bboff\u00bb button_two_letter_spacing__hover_enabled=\u00bboff\u00bb button_bg_color__hover_enabled=\u00bboff\u00bb button_one_bg_color__hover_enabled=\u00bboff\u00bb button_two_bg_color__hover_enabled=\u00bboff\u00bb][\/et_pb_contact_field][et_pb_contact_field field_id=\u00bbTelefono\u00bb field_title=\u00bbTel\u00e9fono\u00bb required_mark=\u00bboff\u00bb _builder_version=\u00bb4.19.4&#8243; form_field_background_color=\u00bb#f9efe5&#8243; form_field_text_color=\u00bb#000000&#8243; form_field_focus_background_color=\u00bb#f9d9b6&#8243; form_field_focus_text_color=\u00bb#000000&#8243; form_field_font=\u00bbNunito Sans|600|||||||\u00bb global_colors_info=\u00bb{}\u00bb button_text_size__hover_enabled=\u00bboff\u00bb button_one_text_size__hover_enabled=\u00bboff\u00bb button_two_text_size__hover_enabled=\u00bboff\u00bb button_text_color__hover_enabled=\u00bboff\u00bb button_one_text_color__hover_enabled=\u00bboff\u00bb button_two_text_color__hover_enabled=\u00bboff\u00bb button_border_width__hover_enabled=\u00bboff\u00bb button_one_border_width__hover_enabled=\u00bboff\u00bb button_two_border_width__hover_enabled=\u00bboff\u00bb button_border_color__hover_enabled=\u00bboff\u00bb button_one_border_color__hover_enabled=\u00bboff\u00bb button_two_border_color__hover_enabled=\u00bboff\u00bb button_border_radius__hover_enabled=\u00bboff\u00bb button_one_border_radius__hover_enabled=\u00bboff\u00bb button_two_border_radius__hover_enabled=\u00bboff\u00bb button_letter_spacing__hover_enabled=\u00bboff\u00bb button_one_letter_spacing__hover_enabled=\u00bboff\u00bb button_two_letter_spacing__hover_enabled=\u00bboff\u00bb button_bg_color__hover_enabled=\u00bboff\u00bb button_one_bg_color__hover_enabled=\u00bboff\u00bb button_two_bg_color__hover_enabled=\u00bboff\u00bb][\/et_pb_contact_field][et_pb_contact_field field_id=\u00bbEmail\u00bb field_title=\u00bbDirecci\u00f3n de correo electr\u00f3nico\u00bb field_type=\u00bbemail\u00bb fullwidth_field=\u00bbon\u00bb _builder_version=\u00bb4.19.4&#8243; form_field_background_color=\u00bb#f9efe5&#8243; form_field_text_color=\u00bb#000000&#8243; form_field_focus_background_color=\u00bb#f9d9b6&#8243; form_field_focus_text_color=\u00bb#000000&#8243; form_field_font=\u00bbNunito Sans|600|||||||\u00bb global_colors_info=\u00bb{}\u00bb button_text_size__hover_enabled=\u00bboff\u00bb button_one_text_size__hover_enabled=\u00bboff\u00bb button_two_text_size__hover_enabled=\u00bboff\u00bb button_text_color__hover_enabled=\u00bboff\u00bb button_one_text_color__hover_enabled=\u00bboff\u00bb button_two_text_color__hover_enabled=\u00bboff\u00bb button_border_width__hover_enabled=\u00bboff\u00bb button_one_border_width__hover_enabled=\u00bboff\u00bb button_two_border_width__hover_enabled=\u00bboff\u00bb button_border_color__hover_enabled=\u00bboff\u00bb button_one_border_color__hover_enabled=\u00bboff\u00bb button_two_border_color__hover_enabled=\u00bboff\u00bb button_border_radius__hover_enabled=\u00bboff\u00bb button_one_border_radius__hover_enabled=\u00bboff\u00bb button_two_border_radius__hover_enabled=\u00bboff\u00bb button_letter_spacing__hover_enabled=\u00bboff\u00bb button_one_letter_spacing__hover_enabled=\u00bboff\u00bb button_two_letter_spacing__hover_enabled=\u00bboff\u00bb button_bg_color__hover_enabled=\u00bboff\u00bb button_one_bg_color__hover_enabled=\u00bboff\u00bb button_two_bg_color__hover_enabled=\u00bboff\u00bb][\/et_pb_contact_field][et_pb_contact_field field_id=\u00bbMensaje\u00bb field_title=\u00bbMensaje\u00bb field_type=\u00bbtext\u00bb fullwidth_field=\u00bbon\u00bb _builder_version=\u00bb4.19.4&#8243; form_field_background_color=\u00bb#f9efe5&#8243; form_field_text_color=\u00bb#000000&#8243; form_field_focus_background_color=\u00bb#f9d9b6&#8243; form_field_focus_text_color=\u00bb#000000&#8243; form_field_font=\u00bbNunito Sans|600|||||||\u00bb global_colors_info=\u00bb{}\u00bb button_text_size__hover_enabled=\u00bboff\u00bb button_one_text_size__hover_enabled=\u00bboff\u00bb button_two_text_size__hover_enabled=\u00bboff\u00bb button_text_color__hover_enabled=\u00bboff\u00bb button_one_text_color__hover_enabled=\u00bboff\u00bb button_two_text_color__hover_enabled=\u00bboff\u00bb button_border_width__hover_enabled=\u00bboff\u00bb button_one_border_width__hover_enabled=\u00bboff\u00bb button_two_border_width__hover_enabled=\u00bboff\u00bb button_border_color__hover_enabled=\u00bboff\u00bb button_one_border_color__hover_enabled=\u00bboff\u00bb button_two_border_color__hover_enabled=\u00bboff\u00bb button_border_radius__hover_enabled=\u00bboff\u00bb button_one_border_radius__hover_enabled=\u00bboff\u00bb button_two_border_radius__hover_enabled=\u00bboff\u00bb button_letter_spacing__hover_enabled=\u00bboff\u00bb button_one_letter_spacing__hover_enabled=\u00bboff\u00bb button_two_letter_spacing__hover_enabled=\u00bboff\u00bb button_bg_color__hover_enabled=\u00bboff\u00bb button_one_bg_color__hover_enabled=\u00bboff\u00bb button_two_bg_color__hover_enabled=\u00bboff\u00bb][\/et_pb_contact_field][et_pb_contact_field field_id=\u00bbprivacidad\u00bb field_title=\u00bbPrivacidad:\u00bb field_type=\u00bbcheckbox\u00bb checkbox_options=\u00bb%91{%22value%22:%22He leido y acepto la %22,%22checked%22:0,%22dragID%22:-1,%22link_url%22:%22..\/politica-privacidad%22,%22link_text%22:%22politica de privacidad%22}%93&#8243; fullwidth_field=\u00bbon\u00bb _builder_version=\u00bb4.19.4&#8243; _module_preset=\u00bbdefault\u00bb form_field_background_color=\u00bb#f9efe5&#8243; form_field_text_color=\u00bb#000000&#8243; form_field_focus_background_color=\u00bb#f9d9b6&#8243; form_field_focus_text_color=\u00bb#000000&#8243; form_field_font=\u00bbNunito Sans|600|||||||\u00bb global_colors_info=\u00bb{}\u00bb][\/et_pb_contact_field][\/et_pb_contact_form][\/et_pb_column][\/et_pb_row][\/et_pb_section][et_pb_section fb_built=\u00bb1&#8243; fullwidth=\u00bbon\u00bb _builder_version=\u00bb4.20.2&#8243; _module_preset=\u00bbdefault\u00bb global_colors_info=\u00bb{}\u00bb][et_pb_fullwidth_map google_api_key=\u00bbAIzaSyDMdNTRDwnSeAI6luOyN_wr1EDCL4r3Hzc\u00bb address=\u00bbC. Villamayor, 1, 16421 Hontanaya, Cuenca, Espa\u00f1a\u00bb address_lat=\u00bb39.7163739&#8243; address_lng=\u00bb-2.8355585&#8243; mouse_wheel=\u00bboff\u00bb _builder_version=\u00bb4.20.2&#8243; _module_preset=\u00bbdefault\u00bb hover_enabled=\u00bb0&#8243; global_colors_info=\u00bb{}\u00bb sticky_enabled=\u00bb0&#8243; zoom_level=\u00bb15&#8243;][et_pb_map_pin _builder_version=\u00bb4.20.2&#8243; _module_preset=\u00bbdefault\u00bb pin_address=\u00bbC. Villamayor, 1D, 16421 Hontanaya, Cuenca, Espa\u00f1a\u00bb zoom_level=\u00bb16&#8243; pin_address_lat=\u00bb39.7196813&#8243; pin_address_lng=\u00bb-2.83818&#8243; hover_enabled=\u00bb0&#8243; sticky_enabled=\u00bb0&#8243;][\/et_pb_map_pin][\/et_pb_fullwidth_map][\/et_pb_section]<\/p>","protected":false},"excerpt":{"rendered":"<p>Contact usKnow ES PORRAS S.L. Experience and Commitment in the Agri-Food SectorThank you for your interest in ES PORRAS S.L.! If you would like to obtain more information, place orders or have any queries related to our lamb fattening services or purchase and sale of cereals, please do not hesitate to contact us. We are here to help you in everything you [...]<\/p>","protected":false},"author":2,"featured_media":0,"parent":0,"menu_order":4,"comment_status":"closed","ping_status":"closed","template":"","meta":{"_et_pb_use_builder":"on","_et_pb_old_content":"<!-- wp:divi\/placeholder \/-->","_et_gb_content_width":"","footnotes":""},"class_list":["post-16","page","type-page","status-publish","hentry"],"yoast_head":"<!-- This site is optimized with the Yoast SEO Premium plugin v20.5 (Yoast SEO v27.5) - https:\/\/yoast.com\/product\/yoast-seo-premium-wordpress\/ -->\n<title>Contacto - ES PORRAS S.L. | Empresa Agroalimentaria de Confianza en Cebado de Corderos y Compra Venta de Cereal<\/title>\n<meta name=\"description\" content=\"\u00bfNecesitas contactar con ES PORRAS S.L.? Aqu\u00ed encontrar\u00e1s toda la informaci\u00f3n de contacto de nuestra empresa agroalimentaria. No dudes en comunicarte con nosotros para consultas, pedidos o cualquier otra informaci\u00f3n que necesites.\" \/>\n<meta name=\"robots\" content=\"index, follow, max-snippet:-1, max-image-preview:large, max-video-preview:-1\" \/>\n<link rel=\"canonical\" href=\"https:\/\/esporras.es\/en\/contact\/\" \/>\n<meta property=\"og:locale\" content=\"en_US\" \/>\n<meta property=\"og:type\" content=\"article\" \/>\n<meta property=\"og:title\" content=\"Contacto\" \/>\n<meta property=\"og:description\" content=\"\u00bfNecesitas contactar con ES PORRAS S.L.? Aqu\u00ed encontrar\u00e1s toda la informaci\u00f3n de contacto de nuestra empresa agroalimentaria. No dudes en comunicarte con nosotros para consultas, pedidos o cualquier otra informaci\u00f3n que necesites.\" \/>\n<meta property=\"og:url\" content=\"https:\/\/esporras.es\/en\/contact\/\" \/>\n<meta property=\"og:site_name\" content=\"ES PORRAS - Cebadero y Compra venta de cereales\" \/>\n<meta property=\"article:modified_time\" content=\"2026-03-13T13:32:04+00:00\" \/>\n<meta name=\"twitter:card\" content=\"summary_large_image\" \/>\n<meta name=\"twitter:label1\" content=\"Est. reading time\" \/>\n\t<meta name=\"twitter:data1\" content=\"10 minutes\" \/>\n<script type=\"application\/ld+json\" class=\"yoast-schema-graph\">{\"@context\":\"https:\\\/\\\/schema.org\",\"@graph\":[{\"@type\":\"WebPage\",\"@id\":\"https:\\\/\\\/esporras.es\\\/contacto\\\/\",\"url\":\"https:\\\/\\\/esporras.es\\\/contacto\\\/\",\"name\":\"Contacto - ES PORRAS S.L. | Empresa Agroalimentaria de Confianza en Cebado de Corderos y Compra Venta de Cereal\",\"isPartOf\":{\"@id\":\"https:\\\/\\\/esporras.es\\\/#website\"},\"datePublished\":\"2023-05-10T08:25:06+00:00\",\"dateModified\":\"2026-03-13T13:32:04+00:00\",\"description\":\"\u00bfNecesitas contactar con ES PORRAS S.L.? Aqu\u00ed encontrar\u00e1s toda la informaci\u00f3n de contacto de nuestra empresa agroalimentaria. No dudes en comunicarte con nosotros para consultas, pedidos o cualquier otra informaci\u00f3n que necesites.\",\"breadcrumb\":{\"@id\":\"https:\\\/\\\/esporras.es\\\/contacto\\\/#breadcrumb\"},\"inLanguage\":\"en-US\",\"potentialAction\":[{\"@type\":\"ReadAction\",\"target\":[\"https:\\\/\\\/esporras.es\\\/contacto\\\/\"]}]},{\"@type\":\"BreadcrumbList\",\"@id\":\"https:\\\/\\\/esporras.es\\\/contacto\\\/#breadcrumb\",\"itemListElement\":[{\"@type\":\"ListItem\",\"position\":1,\"name\":\"Portada\",\"item\":\"https:\\\/\\\/esporras.es\\\/\"},{\"@type\":\"ListItem\",\"position\":2,\"name\":\"Contacto\"}]},{\"@type\":\"WebSite\",\"@id\":\"https:\\\/\\\/esporras.es\\\/#website\",\"url\":\"https:\\\/\\\/esporras.es\\\/\",\"name\":\"ES PORRAS - Cebadero de corderos y Compra venta de cereales\",\"description\":\"Cr\u00eda, engorde y venta de corderos. Venta de cereales para alimentaci\u00f3n animal.\",\"publisher\":{\"@id\":\"https:\\\/\\\/esporras.es\\\/#organization\"},\"potentialAction\":[{\"@type\":\"SearchAction\",\"target\":{\"@type\":\"EntryPoint\",\"urlTemplate\":\"https:\\\/\\\/esporras.es\\\/?s={search_term_string}\"},\"query-input\":{\"@type\":\"PropertyValueSpecification\",\"valueRequired\":true,\"valueName\":\"search_term_string\"}}],\"inLanguage\":\"en-US\"},{\"@type\":\"Organization\",\"@id\":\"https:\\\/\\\/esporras.es\\\/#organization\",\"name\":\"ES PORRAS - Cebadero de corderos y Compra venta de cereales\",\"url\":\"https:\\\/\\\/esporras.es\\\/\",\"logo\":{\"@type\":\"ImageObject\",\"inLanguage\":\"en-US\",\"@id\":\"https:\\\/\\\/esporras.es\\\/#\\\/schema\\\/logo\\\/image\\\/\",\"url\":\"https:\\\/\\\/esporras.es\\\/wp-content\\\/uploads\\\/2023\\\/05\\\/es-porras-logo1.png\",\"contentUrl\":\"https:\\\/\\\/esporras.es\\\/wp-content\\\/uploads\\\/2023\\\/05\\\/es-porras-logo1.png\",\"width\":326,\"height\":74,\"caption\":\"ES PORRAS - Cebadero de corderos y Compra venta de cereales\"},\"image\":{\"@id\":\"https:\\\/\\\/esporras.es\\\/#\\\/schema\\\/logo\\\/image\\\/\"}}]}<\/script>\n<!-- \/ Yoast SEO Premium plugin. -->","yoast_head_json":{"title":"Contacto - ES PORRAS S.L. | Empresa Agroalimentaria de Confianza en Cebado de Corderos y Compra Venta de Cereal","description":"\u00bfNecesitas contactar con ES PORRAS S.L.? Aqu\u00ed encontrar\u00e1s toda la informaci\u00f3n de contacto de nuestra empresa agroalimentaria. No dudes en comunicarte con nosotros para consultas, pedidos o cualquier otra informaci\u00f3n que necesites.","robots":{"index":"index","follow":"follow","max-snippet":"max-snippet:-1","max-image-preview":"max-image-preview:large","max-video-preview":"max-video-preview:-1"},"canonical":"https:\/\/esporras.es\/en\/contact\/","og_locale":"en_US","og_type":"article","og_title":"Contacto","og_description":"\u00bfNecesitas contactar con ES PORRAS S.L.? Aqu\u00ed encontrar\u00e1s toda la informaci\u00f3n de contacto de nuestra empresa agroalimentaria. No dudes en comunicarte con nosotros para consultas, pedidos o cualquier otra informaci\u00f3n que necesites.","og_url":"https:\/\/esporras.es\/en\/contact\/","og_site_name":"ES PORRAS - Cebadero y Compra venta de cereales","article_modified_time":"2026-03-13T13:32:04+00:00","twitter_card":"summary_large_image","twitter_misc":{"Est. reading time":"10 minutes"},"schema":{"@context":"https:\/\/schema.org","@graph":[{"@type":"WebPage","@id":"https:\/\/esporras.es\/contacto\/","url":"https:\/\/esporras.es\/contacto\/","name":"Contacto - ES PORRAS S.L. | Empresa Agroalimentaria de Confianza en Cebado de Corderos y Compra Venta de Cereal","isPartOf":{"@id":"https:\/\/esporras.es\/#website"},"datePublished":"2023-05-10T08:25:06+00:00","dateModified":"2026-03-13T13:32:04+00:00","description":"\u00bfNecesitas contactar con ES PORRAS S.L.? Aqu\u00ed encontrar\u00e1s toda la informaci\u00f3n de contacto de nuestra empresa agroalimentaria. No dudes en comunicarte con nosotros para consultas, pedidos o cualquier otra informaci\u00f3n que necesites.","breadcrumb":{"@id":"https:\/\/esporras.es\/contacto\/#breadcrumb"},"inLanguage":"en-US","potentialAction":[{"@type":"ReadAction","target":["https:\/\/esporras.es\/contacto\/"]}]},{"@type":"BreadcrumbList","@id":"https:\/\/esporras.es\/contacto\/#breadcrumb","itemListElement":[{"@type":"ListItem","position":1,"name":"Portada","item":"https:\/\/esporras.es\/"},{"@type":"ListItem","position":2,"name":"Contacto"}]},{"@type":"WebSite","@id":"https:\/\/esporras.es\/#website","url":"https:\/\/esporras.es\/","name":"ES PORRAS - Cebadero de corderos y Compra venta de cereales","description":"Cr\u00eda, engorde y venta de corderos. Venta de cereales para alimentaci\u00f3n animal.","publisher":{"@id":"https:\/\/esporras.es\/#organization"},"potentialAction":[{"@type":"SearchAction","target":{"@type":"EntryPoint","urlTemplate":"https:\/\/esporras.es\/?s={search_term_string}"},"query-input":{"@type":"PropertyValueSpecification","valueRequired":true,"valueName":"search_term_string"}}],"inLanguage":"en-US"},{"@type":"Organization","@id":"https:\/\/esporras.es\/#organization","name":"ES PORRAS - Cebadero de corderos y Compra venta de cereales","url":"https:\/\/esporras.es\/","logo":{"@type":"ImageObject","inLanguage":"en-US","@id":"https:\/\/esporras.es\/#\/schema\/logo\/image\/","url":"https:\/\/esporras.es\/wp-content\/uploads\/2023\/05\/es-porras-logo1.png","contentUrl":"https:\/\/esporras.es\/wp-content\/uploads\/2023\/05\/es-porras-logo1.png","width":326,"height":74,"caption":"ES PORRAS - Cebadero de corderos y Compra venta de cereales"},"image":{"@id":"https:\/\/esporras.es\/#\/schema\/logo\/image\/"}}]}},"_links":{"self":[{"href":"https:\/\/esporras.es\/en\/wp-json\/wp\/v2\/pages\/16","targetHints":{"allow":["GET"]}}],"collection":[{"href":"https:\/\/esporras.es\/en\/wp-json\/wp\/v2\/pages"}],"about":[{"href":"https:\/\/esporras.es\/en\/wp-json\/wp\/v2\/types\/page"}],"author":[{"embeddable":true,"href":"https:\/\/esporras.es\/en\/wp-json\/wp\/v2\/users\/2"}],"replies":[{"embeddable":true,"href":"https:\/\/esporras.es\/en\/wp-json\/wp\/v2\/comments?post=16"}],"version-history":[{"count":14,"href":"https:\/\/esporras.es\/en\/wp-json\/wp\/v2\/pages\/16\/revisions"}],"predecessor-version":[{"id":348,"href":"https:\/\/esporras.es\/en\/wp-json\/wp\/v2\/pages\/16\/revisions\/348"}],"wp:attachment":[{"href":"https:\/\/esporras.es\/en\/wp-json\/wp\/v2\/media?parent=16"}],"curies":[{"name":"wp","href":"https:\/\/api.w.org\/{rel}","templated":true}]}}